{"id":59846,"date":"2021-05-30T08:35:02","date_gmt":"2021-05-30T07:35:02","guid":{"rendered":"https:\/\/outsidergaming.com\/faktenueberpruefung-berichtigungspolitik-und-dmca-takedowns\/"},"modified":"2023-03-29T16:50:13","modified_gmt":"2023-03-29T15:50:13","slug":"faktenueberpruefung-berichtigungspolitik-und-dmca-takedowns","status":"publish","type":"page","link":"https:\/\/outsidergaming.com\/de\/faktenueberpruefung-berichtigungspolitik-und-dmca-takedowns\/","title":{"rendered":"Fakten\u00fcberpr\u00fcfung, Berichtigungspolitik und DMCA-Takedowns"},"content":{"rendered":"\n<h2 class=\"wp-block-heading\">Fakten\u00fcberpr\u00fcfung und Berichtigungspolitik<\/h2>\n\n<p>Bei Outsider Gaming decken wir ein breites Spektrum an Themen ab, und obwohl wir uns in erster Linie auf Spiele-Guides konzentrieren, befassen wir uns oft mit Neuigkeiten und gelegentlich auch mit Ger\u00fcchten aus der Spielewelt. Bei all unseren Artikeln bem\u00fchen wir uns um vollst\u00e4ndige Genauigkeit der verf\u00fcgbaren Informationen. Beitr\u00e4ge, die nicht auf best\u00e4tigten Fakten beruhen, werden als solche gekennzeichnet und stammen ausschlie\u00dflich aus zuvor gepr\u00fcften und zuverl\u00e4ssigen Quellen.<\/p>\n\n<p>Moderne Spiele werden regelm\u00e4\u00dfig aktualisiert, ebenso wie die Geschichten, die sich um sie ranken. Deshalb \u00fcberpr\u00fcfen wir unsere Themen so weit wie m\u00f6glich bis zum Zeitpunkt des Schreibens, um sicherzustellen, dass unsere Seiten zum Zeitpunkt des Schreibens korrekt sind. Sollten Artikel aufgrund neuer Informationen aktualisiert werden m\u00fcssen, damit sie weiterhin eine n\u00fctzliche Ressource f\u00fcr Spieler bleiben &#8211; sei es durch ein News-Update, ein Spiel-Update oder Informationen, die durch weitere Fortschritte in einem Spiel aufgedeckt werden &#8211; wird die Seite entsprechend aktualisiert und korrigiert.<\/p>\n\n<p>In den meisten F\u00e4llen halten wir uns von meinungsbetonten Beitr\u00e4gen und solchen, die sich nicht mit den Fakten eines Themas befassen oder diese nicht ber\u00fccksichtigen, fern. Wenn Themen jedoch einen subjektiven Beitrag erfordern, versuchen unsere Autoren, sich von quantitativen und qualitativen Daten leiten zu lassen und dabei die vorgebrachten Argumente abzuw\u00e4gen. In allen Artikeln m\u00fcssen die Aussagen bis zum Zeitpunkt des Schreibens vollst\u00e4ndig korrekt und faktengepr\u00fcft sein, wobei die \u00dcberpr\u00fcfung durch andere angesehene Stellen und die prim\u00e4ren Informationsquellen erfolgt.<\/p>\n\n<p>In den meisten F\u00e4llen versuchen wir auch, Spoiler zu vermeiden und gehen daher in unseren Leitf\u00e4den nur selten \u00fcber das aktuelle Thema hinaus. Da wir in der Unterhaltungsindustrie arbeiten, wollen wir unseren Nutzern nicht die Spannung verderben. Um ein Thema jedoch vollst\u00e4ndig und korrekt zu behandeln, muss der Inhalt manchmal auf kommende Elemente eingehen, die sich auf den Leitfaden oder auf Informationen in einer Pressemitteilung beziehen. Was die einleitenden Spoiler angeht, so versuchen wir, die Einleitungen auf den Teil des Spiels abzustimmen, in dem sich der Benutzer am ehesten befindet, und dabei insbesondere direkte Spoiler der Geschichte zu vermeiden. Wenn wichtige Spoiler weiter unten beschrieben werden, werden wir versuchen, die Leser mit einer &#8222;Spoiler-Warnung&#8220; nach der Einleitung des Artikels vorzuwarnen.<\/p>\n\n<p>Wie bereits erw\u00e4hnt, besteht ein Gro\u00dfteil unserer Arbeit darin, Spielleitf\u00e4den und n\u00fctzliche Ressourcen zu erstellen, die den Nutzern dabei helfen sollen, ihre Spielerfahrung zu verbessern und Spiele abzuschlie\u00dfen. Die Informationen, die in diesen Artikeln verwendet werden, stammen aus unserer eigenen Zeit in den Spielen oder aus anderen offiziellen Quellen, wie z. B. den Begleitb\u00fcchern, um sicherzustellen, dass die Leser gepr\u00fcfte Informationen aus dem Spiel erhalten, die sich bew\u00e4hrt haben. Wenn wir es f\u00fcr notwendig erachten, beziehen wir uns auch auf externe Quellen, wie die Community des Spiels, um zus\u00e4tzliche Informationen und alternative Methoden zu finden. Wenn dies der Fall ist, \u00fcberpr\u00fcfen wir die Informationen im Spiel und geben die Quelle an, wo es angebracht ist.<\/p>\n\n<p>Wenn Du dich mit der Website in Bezug auf Fakten\u00fcberpr\u00fcfung und Korrekturen in Verbindung setzen m\u00f6chtest, oder wenn Du eine Aktualisierung einer bestehenden Seite w\u00fcnschst, sende uns eine E-Mail an: <a href=\"mailto:contact@outsidergaming.com\">contact@outsidergaming.com<\/a>.<\/p>\n\n<h2 class=\"wp-block-heading\"><strong>CDPA, Copyright, und DMCA<\/strong><\/h2>\n\n<h3 class=\"wp-block-heading\"><strong>Website Richtlinien<\/strong><\/h3>\n\n<p>Wir ver\u00f6ffentlichen keine Inhalte, die nicht auf Plagiate gepr\u00fcft wurden, und wir ver\u00f6ffentlichen keine Inhalte, die die Rechte am geistigen Eigentum anderer verletzen. Sollte ein Problem auftreten und uns zur Kenntnis gebracht werden, werden wir schnell und angemessen reagieren. Wir dulden solche Verst\u00f6\u00dfe nicht, wie wir allen unseren Inhaltsanbietern sowohl in unseren Mitteilungen als auch in unseren Leitlinien deutlich mitteilen. Die Politik der Website ist es, auf alle legitimen Anfragen zu Urheberrechten (<a href=\"https:\/\/www.legislation.gov.uk\/ukpga\/1988\/48\/contents\" target=\"_blank\" rel=\"noopener\">Copyright, Designs and Patents Act 1988<\/a>) oder DMCA-Verletzungen (<a href=\"https:\/\/www.dmca.com\/\" target=\"_blank\" rel=\"noopener\">Digital Millennium Copyright Act 1998<\/a>) zu reagieren und zu handeln, wie es angemessen ist.<\/p>\n\n<p>Stellt sich heraus, dass Mitwirkende gegen Rechte des geistigen Eigentums oder Urheberrechtsbestimmungen versto\u00dfen haben, werden die Inhalte entfernt. Erh\u00e4lt der Autor mehrere berechtigte Anspr\u00fcche gegen seinen Inhalt, so wird seine Verbindung zur Plattform beendet. Sollte sich herausstellen, dass der Inhalt keine Urheberrechte oder geistigen Rechte verletzt, behalten wir uns das Recht vor, Inhalte, die aufgrund eines bei uns erhobenen Anspruchs f\u00fcr die Zwecke unserer eigenen Ermittlungen m\u00f6glicherweise entfernt wurden, erneut zu ver\u00f6ffentlichen. Dies bedeutet jedoch nicht, dass Inhalte mit einem gegen sie eingereichten Anspruch zum Zweck einer Untersuchung (vor\u00fcbergehend oder anderweitig) gel\u00f6scht werden, aber die Website wird schnell handeln, um die G\u00fcltigkeit eines Anspruchs festzustellen, der \u00fcber die akzeptierten Mittel gesendet wird, die hier als Teil der Nutzungsvereinbarung aufgef\u00fchrt sind.<\/p>\n\n<h2 class=\"wp-block-heading\">Die Website \u00fcber einen Versto\u00df informieren<\/h2>\n\n<p>Durch die Nutzung dieser Website erkl\u00e4rt sich der Nutzer damit einverstanden, dass er, falls er einen legitimen und verifizierten Antrag auf Entfernung im Zusammenhang mit dem CDPA, DMCA oder einer Urheberrechtsverletzung stellen m\u00f6chte, sich direkt mit der Website in Verbindung setzt, sodass wir Ma\u00dfnahmen ergreifen k\u00f6nnen. Sollten Verletzungsklagen unsere auf dieser Seite und auf unseren AGB-Seiten angegebenen Nutzungsbedingungen ignorieren oder unrechtm\u00e4\u00dfig, ungerecht, b\u00f6swillig oder zum Zwecke des Mobbings erfolgen, werden wir gegebenenfalls weitere Ma\u00dfnahmen gegen den T\u00e4ter ergreifen.<\/p>\n\n<p>Schreibe uns eine E-Mail an <a href=\"mailto:contact@outsidergaming.com\">contact@outsidergaming.com<\/a> und gebe so viele Details und Beispiele wie m\u00f6glich an, um Deine Anfrage zu unterst\u00fctzen, falls Du der Website einen potenziellen Versto\u00df zur Kenntnis bringen m\u00f6chtest.<\/p>\n\n<p>Die Angelegenheit wird so schnell wie m\u00f6glich behandelt werden, und wir werden eine Kommunikationslinie mit dem Benutzer er\u00f6ffnen, der die Anfrage eingereicht hat, um Klarheit zwischen beiden Parteien zu gew\u00e4hrleisten. W\u00e4hrend des gesamten Prozesses sind wir bestrebt, die jeweils f\u00fcr die Website geltenden Gesetze einzuhalten. Damit alle berechtigten Anspr\u00fcche auf Zuwiderhandlung so effizient wie m\u00f6glich zu einer angemessenen Schlussfolgerung gelangen, bitten wir darum, dass jeder legitime Anspruch so viele Beweise und Begr\u00fcndungen enth\u00e4lt und dass die Kl\u00e4ger w\u00e4hrend des gesamten Prozesses offen f\u00fcr Kommunikation sind und aktiv daran mitwirken.<\/p>\n\n<p>Alle Produktnamen, Dienstleistungsnamen, Firmennamen, Logos, Marken, Unternehmen und andere Verm\u00f6genswerte sind Eigentum ihrer jeweiligen Eigent\u00fcmer und werden auf dieser Website nur zu Identifizierungszwecken verwendet.<\/p>\n","protected":false},"excerpt":{"rendered":"<p>Fakten\u00fcberpr\u00fcfung und Berichtigungspolitik Bei Outsider Gaming decken wir ein breites Spektrum an Themen ab, und obwohl wir uns in erster Linie auf Spiele-Guides konzentrieren, befassen wir uns oft mit Neuigkeiten und gelegentlich auch mit Ger\u00fcchten aus der Spielewelt. Bei all unseren Artikeln bem\u00fchen wir uns um vollst\u00e4ndige Genauigkeit der verf\u00fcgbaren Informationen. Beitr\u00e4ge, die nicht auf [&hellip;]<\/p>\n","protected":false},"author":84,"featured_media":0,"parent":0,"menu_order":0,"comment_status":"open","ping_status":"closed","template":"","meta":{"footnotes":""},"categories":[],"tags":[],"class_list":["post-59846","page","type-page","status-publish"],"wpml_current_locale":"de_DE","wpml_translations":{"en_US":{"locale":"en_US","id":15585,"slug":"fact-checking-corrections-policy-and-dmca-takedowns","post_title":"Fact-Checking, Corrections Policy and DMCA Takedowns","href":"https:\/\/outsidergaming.com\/fact-checking-corrections-policy-and-dmca-takedowns\/"},"de_DE":{"locale":"de_DE","translation":"current"},"fr_FR":{"locale":"fr_FR","id":97201,"slug":"verification-des-faits-politique-de-correction-et-retraits-en-vertu-de-la-dmca","post_title":"V\u00e9rification des faits, politique de correction et retraits en vertu de la DMCA","href":"https:\/\/outsidergaming.com\/fr\/verification-des-faits-politique-de-correction-et-retraits-en-vertu-de-la-dmca\/"},"es_ES":{"locale":"es_ES","id":97638,"slug":"verificacion-de-datos-politica-de-correcciones-y-retiro-de-contenido-por-dmca","post_title":"Verificaci\u00f3n de datos, pol\u00edtica de correcciones y retiro de contenido por DMCA","href":"https:\/\/outsidergaming.com\/es\/verificacion-de-datos-politica-de-correcciones-y-retiro-de-contenido-por-dmca\/"},"ru_RU":{"locale":"ru_RU","translation":false},"pt_BR":{"locale":"pt_BR","translation":false},"it_IT":{"locale":"it_IT","translation":false},"tr_TR":{"locale":"tr_TR","translation":false},"ukr":{"locale":"ukr","translation":false}},"_links":{"self":[{"href":"https:\/\/outsidergaming.com\/de\/wp-json\/wp\/v2\/pages\/59846","targetHints":{"allow":["GET"]}}],"collection":[{"href":"https:\/\/outsidergaming.com\/de\/wp-json\/wp\/v2\/pages"}],"about":[{"href":"https:\/\/outsidergaming.com\/de\/wp-json\/wp\/v2\/types\/page"}],"author":[{"embeddable":true,"href":"https:\/\/outsidergaming.com\/de\/wp-json\/wp\/v2\/users\/84"}],"replies":[{"embeddable":true,"href":"https:\/\/outsidergaming.com\/de\/wp-json\/wp\/v2\/comments?post=59846"}],"version-history":[{"count":0,"href":"https:\/\/outsidergaming.com\/de\/wp-json\/wp\/v2\/pages\/59846\/revisions"}],"wp:attachment":[{"href":"https:\/\/outsidergaming.com\/de\/wp-json\/wp\/v2\/media?parent=59846"}],"wp:term":[{"taxonomy":"category","embeddable":true,"href":"https:\/\/outsidergaming.com\/de\/wp-json\/wp\/v2\/categories?post=59846"},{"taxonomy":"post_tag","embeddable":true,"href":"https:\/\/outsidergaming.com\/de\/wp-json\/wp\/v2\/tags?post=59846"}],"curies":[{"name":"wp","href":"https:\/\/api.w.org\/{rel}","templated":true}]}}