{"id":59990,"date":"2020-03-14T00:37:02","date_gmt":"2020-03-13T23:37:02","guid":{"rendered":"https:\/\/outsidergaming.com\/cookie-richtlinien\/"},"modified":"2023-03-30T00:40:16","modified_gmt":"2023-03-29T23:40:16","slug":"cookie-richtlinien","status":"publish","type":"page","link":"https:\/\/outsidergaming.com\/de\/cookie-richtlinien\/","title":{"rendered":"Cookie Richtlinien"},"content":{"rendered":"<div class=\"cli_pg_page_contaner\">\n<h3>\u00dcber die Cookie Richtlinien<\/h3>\n<div>\n<p>Diese Cookie-Richtlinie erkl\u00e4rt, was Cookies sind und wie wir sie verwenden. Sie sollten diese Richtlinie lesen, um zu verstehen, was Cookies sind, wie wir sie verwenden, welche Arten von Cookies wir verwenden, d. h. welche Informationen wir mithilfe von Cookies sammeln und wie diese Informationen genutzt werden, und wie Sie die Cookie-Einstellungen steuern k\u00f6nnen. Weitere Informationen dar\u00fcber, wie wir Ihre pers\u00f6nlichen Daten verwenden, speichern und sicher aufbewahren, finden Sie in unserer Datenschutzrichtlinie.<\/p>\n<p>Sie k\u00f6nnen Ihre Einwilligung in der Cookie-Erkl\u00e4rung auf unserer Website jederzeit \u00e4ndern oder widerrufen.<br \/>\nErfahren Sie mehr dar\u00fcber, wer wir sind, wie Sie uns kontaktieren k\u00f6nnen und wie wir pers\u00f6nliche Daten verarbeiten, in unserer Datenschutzerkl\u00e4rung.<br \/>\nIhr Einverst\u00e4ndnis gilt f\u00fcr die folgenden Domains: outsidergaming.com<br \/>\n[user_consent_state]<\/p>\n<\/div>\n<h3>Was sind Cookies?<\/h3>\n<div>Cookies sind kleine Textdateien, die dazu dienen, geringe Mengen an Informationen zu speichern. Die Cookies werden auf Ihrem Ger\u00e4t gespeichert, wenn die Website \u00fcber Ihren Browser geladen wird. Diese Cookies helfen uns, die Website ordnungsgem\u00e4\u00df funktionieren zu lassen, die Website sicherer zu machen, die Benutzerfreundlichkeit zu verbessern und zu verstehen, wie die Website funktioniert und zu analysieren, was sich bew\u00e4hrt hat und wo sie verbessert werden muss.<\/div>\n<h3>Wie verwenden wir Cookies?<\/h3>\n<div>\n<p>Wie die meisten Online-Dienste verwendet auch unsere Website Cookies von Erstanbietern und Drittanbietern f\u00fcr eine Reihe von Zwecken. Die Erstanbieter-Cookies sind meist notwendig, damit die Website richtig funktioniert, und sie erfassen keine personenbezogenen Daten.<\/p>\n<p>Die Cookies von Drittanbietern, die auf unseren Websites verwendet werden, dienen haupts\u00e4chlich dazu, zu verstehen, wie die Website funktioniert, wie Sie mit unserer Website interagieren, unsere Dienste sicher zu halten, Ihnen f\u00fcr Sie relevante Werbung zu liefern und Ihnen insgesamt eine bessere und verbesserte Benutzererfahrung zu bieten und Ihre zuk\u00fcnftigen Interaktionen mit unserer Website zu beschleunigen.<\/p>\n<\/div>\n<h3>Welche Arten von Cookies verwenden wir?<\/h3>\n<div>\n<p>Notwendig: Einige Cookies sind erforderlich, damit Sie die volle Funktionalit\u00e4t unserer Website nutzen k\u00f6nnen. Sie erm\u00f6glichen es uns, Benutzersitzungen aufrechtzuerhalten und Sicherheitsbedrohungen zu verhindern. Sie erfassen oder speichern keine pers\u00f6nlichen Informationen. Diese Cookies erm\u00f6glichen es Ihnen zum Beispiel, sich in Ihr Konto einzuloggen, Produkte in Ihren Warenkorb zu legen und sicher zur Kasse zu gehen.<\/p>\n<p>Statistik: Diese Cookies speichern Informationen wie die Anzahl der Besucher der Website, die Anzahl der eindeutigen Besucher, welche Seiten der Website besucht wurden, die Quelle des Besuchers usw. Diese Daten helfen uns zu verstehen und zu analysieren, wie gut die Website funktioniert und wo sie verbessert werden muss.<\/p>\n<p>Marketing: Auf unserer Website wird Werbung angezeigt. Diese Cookies werden verwendet, um die Werbung, die wir Ihnen zeigen, so zu personalisieren, dass sie f\u00fcr Sie sinnvoll ist. Diese Cookies helfen uns auch, die Effizienz dieser Werbekampagnen zu verfolgen.<br \/>\nDie in diesen Cookies gespeicherten Informationen k\u00f6nnen auch von Drittanbietern verwendet werden, um Ihnen Werbung auf anderen Websites im Browser zu zeigen.<\/p>\n<p>Funktional: Dies sind die Cookies, die bestimmte nicht-essentielle Funktionen auf unserer Website unterst\u00fctzen. Zu diesen Funktionen geh\u00f6ren das Einbetten von Inhalten wie Videos oder das Teilen von Inhalten auf der Website auf Social-Media-Plattformen.<\/p>\n<p>Pr\u00e4ferenzen: Diese Cookies helfen uns, Ihre Einstellungen und Browsing-Pr\u00e4ferenzen, wie z.B. Spracheinstellungen, zu speichern, damit Sie bei zuk\u00fcnftigen Besuchen der Website ein besseres und effizienteres Erlebnis haben.<\/p>\n<p>[cookie_audit style=&#8220;winter&#8220; columns=&#8220;cookie,description,type,duration&#8220; heading=&#8220;The below list details the cookies used in our website.&#8220;]<\/p>\n<\/div>\n<h3>Wie kann ich die Cookie-Einstellungen kontrollieren?<\/h3>\n<div>\n<p>Wie kann ich die Cookie-Einstellungen kontrollieren?<br \/>\nSollten Sie sich entscheiden, Ihre Pr\u00e4ferenzen zu einem sp\u00e4teren Zeitpunkt zu \u00e4ndern, k\u00f6nnen Sie auf die Registerkarte &#8222;Datenschutz und Cookie Richtlinien&#8220; auf Ihrem Bildschirm klicken. Dadurch wird der Hinweis auf die Einwilligung erneut angezeigt, so dass Sie Ihre Einstellungen \u00e4ndern oder Ihre Einwilligung vollst\u00e4ndig widerrufen k\u00f6nnen.<\/p>\n<p>Dar\u00fcber hinaus bieten verschiedene Browser unterschiedliche Methoden zum Blockieren und L\u00f6schen von Cookies, die von Websites verwendet werden. Sie k\u00f6nnen die Einstellungen Ihres Browsers \u00e4ndern, um die Cookies zu blockieren\/l\u00f6schen. Weitere Informationen \u00fcber die Verwaltung und L\u00f6schung von Cookies finden Sie unter wikipedia.org, www.allaboutcookies.org.<\/p>\n<\/div>\n<\/div>\n","protected":false},"excerpt":{"rendered":"<p>\u00dcber die Cookie Richtlinien Diese Cookie-Richtlinie erkl\u00e4rt, was Cookies sind und wie wir sie verwenden. Sie sollten diese Richtlinie lesen, um zu verstehen, was Cookies sind, wie wir sie verwenden, welche Arten von Cookies wir verwenden, d. h. welche Informationen wir mithilfe von Cookies sammeln und wie diese Informationen genutzt werden, und wie Sie die [&hellip;]<\/p>\n","protected":false},"author":84,"featured_media":0,"parent":0,"menu_order":0,"comment_status":"open","ping_status":"closed","template":"","meta":{"footnotes":""},"categories":[],"tags":[],"class_list":["post-59990","page","type-page","status-publish"],"wpml_current_locale":"de_DE","wpml_translations":{"en_US":{"locale":"en_US","id":1797,"slug":"cookie-policy","post_title":"Cookie Policy","href":"https:\/\/outsidergaming.com\/cookie-policy\/"},"de_DE":{"locale":"de_DE","translation":"current"},"fr_FR":{"locale":"fr_FR","id":97195,"slug":"politique-de-cookies","post_title":"Politique de Cookies","href":"https:\/\/outsidergaming.com\/fr\/politique-de-cookies\/"},"es_ES":{"locale":"es_ES","id":97641,"slug":"politica-de-coockies","post_title":"Pol\u00edtica de coockies","href":"https:\/\/outsidergaming.com\/es\/politica-de-coockies\/"},"ru_RU":{"locale":"ru_RU","translation":false},"pt_BR":{"locale":"pt_BR","translation":false},"it_IT":{"locale":"it_IT","translation":false},"tr_TR":{"locale":"tr_TR","translation":false},"ukr":{"locale":"ukr","translation":false}},"_links":{"self":[{"href":"https:\/\/outsidergaming.com\/de\/wp-json\/wp\/v2\/pages\/59990","targetHints":{"allow":["GET"]}}],"collection":[{"href":"https:\/\/outsidergaming.com\/de\/wp-json\/wp\/v2\/pages"}],"about":[{"href":"https:\/\/outsidergaming.com\/de\/wp-json\/wp\/v2\/types\/page"}],"author":[{"embeddable":true,"href":"https:\/\/outsidergaming.com\/de\/wp-json\/wp\/v2\/users\/84"}],"replies":[{"embeddable":true,"href":"https:\/\/outsidergaming.com\/de\/wp-json\/wp\/v2\/comments?post=59990"}],"version-history":[{"count":0,"href":"https:\/\/outsidergaming.com\/de\/wp-json\/wp\/v2\/pages\/59990\/revisions"}],"wp:attachment":[{"href":"https:\/\/outsidergaming.com\/de\/wp-json\/wp\/v2\/media?parent=59990"}],"wp:term":[{"taxonomy":"category","embeddable":true,"href":"https:\/\/outsidergaming.com\/de\/wp-json\/wp\/v2\/categories?post=59990"},{"taxonomy":"post_tag","embeddable":true,"href":"https:\/\/outsidergaming.com\/de\/wp-json\/wp\/v2\/tags?post=59990"}],"curies":[{"name":"wp","href":"https:\/\/api.w.org\/{rel}","templated":true}]}}