{"id":97638,"date":"2021-05-30T08:35:02","date_gmt":"2021-05-30T07:35:02","guid":{"rendered":"https:\/\/outsidergaming.com\/verificacion-de-datos-politica-de-correcciones-y-retiro-de-contenido-por-dmca\/"},"modified":"2023-04-10T16:31:37","modified_gmt":"2023-04-10T15:31:37","slug":"verificacion-de-datos-politica-de-correcciones-y-retiro-de-contenido-por-dmca","status":"publish","type":"page","link":"https:\/\/outsidergaming.com\/es\/verificacion-de-datos-politica-de-correcciones-y-retiro-de-contenido-por-dmca\/","title":{"rendered":"Verificaci\u00f3n de datos, pol\u00edtica de correcciones y retiro de contenido por DMCA"},"content":{"rendered":"\n<h2 class=\"wp-block-heading\">Verificaci\u00f3n de datos y pol\u00edtica de correcciones <\/h2>\n\n<p>En Outsider Gaming, cubrimos una amplia gama de temas y, aunque nos enfocamos principalmente en gu\u00edas de videojuegos, a menudo profundizamos en noticias y, en ocasiones, rumores del mundo de los videojuegos. En todo nuestro contenido nos esforzamos por lograr la m\u00e1xima precisi\u00f3n a partir de la informaci\u00f3n disponible, etiquetando como tal aquellos que no se basan en hechos confirmados y solo se extraen de fuentes previamente probadas y confiables.<\/p>\n\n<p>Los juegos modernos se actualizan con regularidad, al igual que las historias que los rodean, por lo que exploramos nuestros temas tanto como sea posible hasta el momento de la escritura para garantizar que nuestras p\u00e1ginas sean correctas al momento de escribir. En ocasiones, si los art\u00edculos requieren actualizaciones debido a nueva informaci\u00f3n para ayudar a que sigan siendo un recurso \u00fatil para los jugadores, ya sea a trav\u00e9s de una actualizaci\u00f3n de noticias, una actualizaci\u00f3n del juego o informaci\u00f3n revelada a partir de un avance adicional dentro del juego, la p\u00e1gina se actualizar\u00e1 y corregir\u00e1 en consecuencia.<\/p>\n\n<p>En su mayor\u00eda, nos alejamos de las piezas de opini\u00f3n y aquellas que no tratan o sopesan los hechos de un tema. Sin embargo, cuando los temas requieren de una porci\u00f3n de aporte subjetivo, nuestros redactores buscan basarse en datos cuantitativos y cualitativos, equilibrando los argumentos presentados. En todos los art\u00edculos las afirmaciones deben ser completamente precisas y verificadas hasta el momento de la escritura, y esa verificaci\u00f3n proviene de otros medios respetados y de las fuentes primarias de informaci\u00f3n.<\/p>\n\n<p>En gran medida evitamos los spoilers y, por lo tanto, rara vez llevamos nuestras gu\u00edas m\u00e1s all\u00e1 del tema en cuesti\u00f3n. Al trabajar como parte de la industria del entretenimiento, no queremos arruinar la emoci\u00f3n para ninguno de nuestros usuarios. A\u00fan as\u00ed, para abordar un tema de manera completa y correcta, el contenido a veces tendr\u00e1 que detallar elementos futuros, ya que se relacionan con la gu\u00eda o informaci\u00f3n proporcionada a trav\u00e9s de un comunicado de prensa. En cuanto a los spoilers introductorios, intentamos centrar las introducciones en la parte del juego en la que es m\u00e1s probable que se encuentre el usuario, evitando spoilers de la trama en particular. Si es necesario detallar spoilers importantes m\u00e1s adelante, intentaremos advertir a los lectores con una l\u00ednea de \u00abAdvertencia de spoiler\u00bb despu\u00e9s de la introducci\u00f3n de la pieza.<\/p>\n\n<p>Como hemos mencionado anteriormente, gran parte de lo que hacemos es crear gu\u00edas de juegos y recursos \u00fatiles para ayudar a los usuarios a mejorar su experiencia de juego y completar los juegos. La informaci\u00f3n utilizada en estas piezas se deriva de nuestro propio tiempo jugando o de otros recursos oficiales, para tener la seguridad de que los lectores obtengan informaci\u00f3n del juego comprobada y que se haya demostrado que funciona. Para ampliar los art\u00edculos donde lo consideremos necesario, tambi\u00e9n nos referiremos a fuentes externas, como la comunidad del juego, para obtener informaci\u00f3n adicional y m\u00e9todos alternativos. Cuando esto ocurre, verificamos la informaci\u00f3n en el juego y acreditamos la fuente de manera adecuada.<\/p>\n\n<p>Si deseas ponerse en contacto con el sitio con respecto a nuestra pol\u00edtica de verificaci\u00f3n de datos y correcciones, o si deseas solicitar una actualizaci\u00f3n en una p\u00e1gina existente, env\u00edanos un correo electr\u00f3nico a <a href=\"mailto:contact@outsidergaming.com\" target=\"_new\" rel=\"noopener\">contact@outsidergaming.com<\/a>.&#13;\n<div id=\"gtx-trans\" style=\"position: absolute; left: 562px; top: 110px;\">&#13;\n<div class=\"gtx-trans-icon\"><\/div>&#13;\n<\/div><\/p>\n\n<h2 class=\"wp-block-heading\">Derechos de autor, CDPA y DMCA&#13;\n<div id=\"gtx-trans\" style=\"position: absolute; left: 89px; top: -10px;\">&#13;\n<div class=\"gtx-trans-icon\"><\/div>&#13;\n<\/div><\/h2>\n\n<h3 class=\"wp-block-heading\"><strong>Pol\u00edtica del sitio<\/strong>&#13;\n<div id=\"gtx-trans\" style=\"position: absolute; left: -9px; top: 38px;\">&#13;\n<div class=\"gtx-trans-icon\"><\/div>&#13;\n<\/div><\/h3>\n\n<p>No publicamos ning\u00fan contenido que no haya sido revisado para detectar plagio, ni publicamos ning\u00fan contenido que infrinja los derechos de propiedad intelectual de ning\u00fan otro medio. Si surge un problema y se nos informa, reaccionaremos de manera r\u00e1pida y adecuada. No toleramos tales infracciones, como se indica claramente a todos nuestros proveedores de contenido tanto a trav\u00e9s de comunicaciones como en nuestras pautas. La pol\u00edtica del sitio es responder y actuar ante cualquier solicitud leg\u00edtima de infracci\u00f3n de derechos de autor (Ley de Derechos de Autor, Dise\u00f1os y Patentes de 1988) o infracciones de DMCA (Ley de Derechos de Autor del Milenio Digital de 1998) seg\u00fan corresponda.<\/p>\n\n<p>Si se descubre que los colaboradores han cometido una infracci\u00f3n de los derechos de propiedad intelectual o las regulaciones de derechos de autor, se eliminar\u00e1 el contenido. Si el colaborador recibe m\u00faltiples reclamos leg\u00edtimos en contra de su contenido, su asociaci\u00f3n con la plataforma ser\u00e1 finalizada. Si se encuentra que el contenido no infringe ning\u00fan derecho de autor o derecho intelectual, nos reservamos el derecho de volver a publicar cualquier contenido que haya sido retirado con fines de nuestras propias investigaciones debido a un reclamo que lleg\u00f3 a nuestra atenci\u00f3n. Sin embargo, esto no significa que cualquier contenido con un reclamo presentado en su contra se eliminar\u00e1 (temporalmente o de otro modo) con fines de investigaci\u00f3n, pero el sitio actuar\u00e1 r\u00e1pidamente para establecer la validez de cualquier reclamo que se env\u00ede a trav\u00e9s de los medios aceptados detallados aqu\u00ed como parte del acuerdo del usuario.<\/p>\n\n<h2 class=\"wp-block-heading\">Informar sobre una infracci\u00f3n en sitio web<\/h2>\n\n<p>Al utilizar este sitio web, el usuario acepta que, si desea presentar una solicitud leg\u00edtima y verificada de eliminaci\u00f3n relacionada con CDPA, DMCA o una infracci\u00f3n de derechos de autor, se pondr\u00e1 en contacto con el sitio directamente para que podamos tomar medidas. Si una reclamaci\u00f3n de infracci\u00f3n ignora nuestra pol\u00edtica de uso del sitio web indicada en esta p\u00e1gina y en todas nuestras p\u00e1ginas de t\u00e9rminos y condiciones, o se hace de manera ileg\u00edtima, injusta, malintencionada o con fines de acoso, buscaremos acciones adicionales en contra del infractor seg\u00fan corresponda.<\/p>\n\n<p>Env\u00edanos un correo electr\u00f3nico a <a href=\"mailto:contact@outsidergaming.com\" target=\"_new\" rel=\"noopener\">contact@outsidergaming.com<\/a>, proporcionando tantos detalles y ejemplos como puedas para respaldar tu solicitud si deseas informar una posible infracci\u00f3n.<\/p>\n\n<p>El asunto ser\u00e1 tratado a la mayor brevedad posible y estableceremos una l\u00ednea de comunicaci\u00f3n con el usuario que present\u00f3 la solicitud para garantizar la claridad entre ambas partes. A lo largo del proceso, nos esforzamos por cumplir con las leyes aplicables al sitio web en cada caso. Para permitir que todas las reclamaciones leg\u00edtimas de infracci\u00f3n alcancen la conclusi\u00f3n apropiada de manera eficiente, solicitamos que se proporcione tanta evidencia y razonamiento como sea posible con cualquier reclamo leg\u00edtimo y que los reclamantes est\u00e9n abiertos y activos en las comunicaciones durante el proceso.<\/p>\n\n<p>Todos los nombres de productos, nombres de servicios, nombres de empresas, logotipos, marcas, compa\u00f1\u00edas y otros activos son propiedad de sus respectivos due\u00f1os y se utilizan en este sitio web solo con fines de identificaci\u00f3n.<\/p>\n","protected":false},"excerpt":{"rendered":"<p>Verificaci\u00f3n de datos y pol\u00edtica de correcciones En Outsider Gaming, cubrimos una amplia gama de temas y, aunque nos enfocamos principalmente en gu\u00edas de videojuegos, a menudo profundizamos en noticias y, en ocasiones, rumores del mundo de los videojuegos. En todo nuestro contenido nos esforzamos por lograr la m\u00e1xima precisi\u00f3n a partir de la informaci\u00f3n [&hellip;]<\/p>\n","protected":false},"author":84,"featured_media":0,"parent":0,"menu_order":0,"comment_status":"open","ping_status":"closed","template":"","meta":{"footnotes":""},"categories":[],"tags":[],"class_list":["post-97638","page","type-page","status-publish"],"wpml_current_locale":"es_ES","wpml_translations":{"en_US":{"locale":"en_US","id":15585,"slug":"fact-checking-corrections-policy-and-dmca-takedowns","post_title":"Fact-Checking, Corrections Policy and DMCA Takedowns","href":"https:\/\/outsidergaming.com\/fact-checking-corrections-policy-and-dmca-takedowns\/"},"de_DE":{"locale":"de_DE","id":59846,"slug":"faktenueberpruefung-berichtigungspolitik-und-dmca-takedowns","post_title":"Fakten\u00fcberpr\u00fcfung, Berichtigungspolitik und DMCA-Takedowns","href":"https:\/\/outsidergaming.com\/de\/faktenueberpruefung-berichtigungspolitik-und-dmca-takedowns\/"},"fr_FR":{"locale":"fr_FR","id":97201,"slug":"verification-des-faits-politique-de-correction-et-retraits-en-vertu-de-la-dmca","post_title":"V\u00e9rification des faits, politique de correction et retraits en vertu de la DMCA","href":"https:\/\/outsidergaming.com\/fr\/verification-des-faits-politique-de-correction-et-retraits-en-vertu-de-la-dmca\/"},"es_ES":{"locale":"es_ES","translation":"current"},"ru_RU":{"locale":"ru_RU","translation":false},"pt_BR":{"locale":"pt_BR","translation":false},"it_IT":{"locale":"it_IT","translation":false},"tr_TR":{"locale":"tr_TR","translation":false},"ukr":{"locale":"ukr","translation":false}},"_links":{"self":[{"href":"https:\/\/outsidergaming.com\/es\/wp-json\/wp\/v2\/pages\/97638","targetHints":{"allow":["GET"]}}],"collection":[{"href":"https:\/\/outsidergaming.com\/es\/wp-json\/wp\/v2\/pages"}],"about":[{"href":"https:\/\/outsidergaming.com\/es\/wp-json\/wp\/v2\/types\/page"}],"author":[{"embeddable":true,"href":"https:\/\/outsidergaming.com\/es\/wp-json\/wp\/v2\/users\/84"}],"replies":[{"embeddable":true,"href":"https:\/\/outsidergaming.com\/es\/wp-json\/wp\/v2\/comments?post=97638"}],"version-history":[{"count":0,"href":"https:\/\/outsidergaming.com\/es\/wp-json\/wp\/v2\/pages\/97638\/revisions"}],"wp:attachment":[{"href":"https:\/\/outsidergaming.com\/es\/wp-json\/wp\/v2\/media?parent=97638"}],"wp:term":[{"taxonomy":"category","embeddable":true,"href":"https:\/\/outsidergaming.com\/es\/wp-json\/wp\/v2\/categories?post=97638"},{"taxonomy":"post_tag","embeddable":true,"href":"https:\/\/outsidergaming.com\/es\/wp-json\/wp\/v2\/tags?post=97638"}],"curies":[{"name":"wp","href":"https:\/\/api.w.org\/{rel}","templated":true}]}}