{"id":97641,"date":"2020-03-14T00:37:02","date_gmt":"2020-03-13T23:37:02","guid":{"rendered":"https:\/\/outsidergaming.com\/politica-de-coockies\/"},"modified":"2023-04-10T16:40:00","modified_gmt":"2023-04-10T15:40:00","slug":"politica-de-coockies","status":"publish","type":"page","link":"https:\/\/outsidergaming.com\/es\/politica-de-coockies\/","title":{"rendered":"Pol\u00edtica de coockies"},"content":{"rendered":"<div class=\"cli_pg_page_contaner\">\n<h3>Sobre esta pol\u00edtica de cookies<\/h3>\n<div>\n<p>Esta Pol\u00edtica de Cookies explica qu\u00e9 son las cookies y c\u00f3mo las utilizamos. Debes leer esta pol\u00edtica para entender qu\u00e9 son las cookies, c\u00f3mo las usamos, los tipos de cookies que utilizamos, es decir, la informaci\u00f3n que recopilamos utilizando cookies y c\u00f3mo se utiliza esa informaci\u00f3n y c\u00f3mo controlar las preferencias de las cookies. Para obtener m\u00e1s informaci\u00f3n sobre c\u00f3mo utilizamos, almacenamos y mantenemos seguros tus datos personales, consulta nuestra Pol\u00edtica de Privacidad.<\/p>\n<p>Puedes cambiar o retirar tu consentimiento de la Declaraci\u00f3n de Cookies en nuestro sitio web en cualquier momento.<br \/>\nObt\u00e9n m\u00e1s informaci\u00f3n sobre qui\u00e9nes somos, c\u00f3mo puedes contactarnos y c\u00f3mo procesamos los datos personales en nuestra Pol\u00edtica de Privacidad.<br \/>\nTu consentimiento se aplica a los siguientes dominios: outsidergaming.com<br \/>\n[user_consent_state]<\/p>\n<\/div>\n<h3>\u00bfQu\u00e9 son las cookies?<\/h3>\n<div>Las cookies son peque\u00f1os archivos de texto que se utilizan para almacenar peque\u00f1as piezas de informaci\u00f3n. Las cookies se almacenan en tu dispositivo cuando se carga el sitio web en tu navegador. Estas cookies nos ayudan a hacer que el sitio web funcione correctamente, hacer que el sitio web sea m\u00e1s seguro, proporcionar una mejor experiencia de usuario y comprender c\u00f3mo funciona el sitio web y analizar qu\u00e9 funciona y d\u00f3nde necesita mejoras.<\/div>\n<h3>\u00bfC\u00f3mo utilizamos las cookies?<\/h3>\n<div>\n<p>Al igual que la mayor\u00eda de los servicios en l\u00ednea, nuestro sitio web utiliza cookies de primera y de terceros para varios prop\u00f3sitos. Las cookies de primera parte son principalmente necesarias para que el sitio web funcione de la manera correcta, y no recopilan ninguno de tus datos personales identificables.<\/p>\n<p>Las cookies de terceros utilizadas en nuestros sitios web se utilizan principalmente para comprender c\u00f3mo funciona el sitio web, c\u00f3mo interact\u00faas con nuestro sitio web, mantener nuestros servicios seguros, proporcionar anuncios que sean relevantes para ti y, en general, proporcionarte una experiencia de usuario mejorada y ayudar a acelerar tus futuras interacciones con nuestro sitio web.<\/p>\n<\/div>\n<h3>\u00bfQu\u00e9 tipos de cookies utilizamos?<\/h3>\n<div>\n<p>Esenciales: algunas cookies son esenciales para que puedas experimentar la funcionalidad completa de nuestro sitio. Nos permiten mantener sesiones de usuario y prevenir amenazas de seguridad. No recopilan ni almacenan ninguna informaci\u00f3n personal. Por ejemplo, estas cookies te permiten iniciar sesi\u00f3n en tu cuenta y agregar productos a tu carrito y realizar compras de forma segura.<\/p>\n<p>Estad\u00edsticas: estas cookies almacenan informaci\u00f3n como el n\u00famero de visitantes del sitio web, el n\u00famero de visitantes \u00fanicos, qu\u00e9 p\u00e1ginas del sitio web han sido visitadas, la fuente de la visita, etc. Estos datos nos ayudan a comprender y analizar qu\u00e9 tan bien funciona el sitio web y d\u00f3nde necesita mejoras.<\/p>\n<p>Marketing: nuestro sitio web muestra anuncios. Estas cookies se utilizan para personalizar los anuncios que te mostramos para que sean significativos para ti. Estas cookies tambi\u00e9n nos ayudan a hacer un seguimiento de la eficiencia de estas campa\u00f1as publicitarias. La informaci\u00f3n almacenada en estas cookies tambi\u00e9n puede ser utilizada por proveedores de publicidad de terceros para mostrarte anuncios en otros sitios web en el navegador.<\/p>\n<p>Funcionales: estas son las cookies que ayudan a ciertas funcionalidades no esenciales en nuestro sitio web. Estas funcionalidades incluyen la incorporaci\u00f3n de contenido como videos o compartir contenidos del sitio web en plataformas de redes sociales.<\/p>\n<p>Preferencias: estas cookies nos ayudan a almacenar tus ajustes y preferencias de navegaci\u00f3n, como las preferencias de idioma, para que tengas una experiencia mejor y eficiente en futuras visitas al sitio web.<br \/>\n[cookie_audit style=\u00bbwinter\u00bb columns=\u00bbcookie,description,type,duration\u00bb heading=\u00bb\u00bbLa siguiente lista detalla las cookies utilizadas en nuestro sitio web.\u00bb]<\/p>\n<\/div>\n<h3>\u00bfC\u00f3mo puedo controlar las preferencias de las cookies?<\/h3>\n<div>\n<p>Si decides cambiar tus preferencias m\u00e1s adelante durante tu sesi\u00f3n de navegaci\u00f3n, puedes hacer clic en la pesta\u00f1a \u00abPol\u00edtica de Privacidad y Cookies\u00bb en tu pantalla. Esto mostrar\u00e1 el aviso de consentimiento nuevamente, permiti\u00e9ndote cambiar tus preferencias o retirar tu consentimiento por completo.<\/p>\n<p>Adem\u00e1s de esto, diferentes navegadores proporcionan diferentes m\u00e9todos para bloquear y eliminar las cookies utilizadas por los sitios web. Puedes cambiar la configuraci\u00f3n de tu navegador para bloquear\/eliminar las cookies. Para obtener m\u00e1s informaci\u00f3n sobre c\u00f3mo administrar y eliminar cookies, visita wikipedia.org, www.allaboutcookies.org.<\/p>\n<\/div>\n<\/div>\n","protected":false},"excerpt":{"rendered":"<p>Sobre esta pol\u00edtica de cookies Esta Pol\u00edtica de Cookies explica qu\u00e9 son las cookies y c\u00f3mo las utilizamos. Debes leer esta pol\u00edtica para entender qu\u00e9 son las cookies, c\u00f3mo las usamos, los tipos de cookies que utilizamos, es decir, la informaci\u00f3n que recopilamos utilizando cookies y c\u00f3mo se utiliza esa informaci\u00f3n y c\u00f3mo controlar las [&hellip;]<\/p>\n","protected":false},"author":84,"featured_media":0,"parent":0,"menu_order":0,"comment_status":"open","ping_status":"closed","template":"","meta":{"footnotes":""},"categories":[],"tags":[],"class_list":["post-97641","page","type-page","status-publish"],"wpml_current_locale":"es_ES","wpml_translations":{"en_US":{"locale":"en_US","id":1797,"slug":"cookie-policy","post_title":"Cookie Policy","href":"https:\/\/outsidergaming.com\/cookie-policy\/"},"de_DE":{"locale":"de_DE","id":59990,"slug":"cookie-richtlinien","post_title":"Cookie Richtlinien","href":"https:\/\/outsidergaming.com\/de\/cookie-richtlinien\/"},"fr_FR":{"locale":"fr_FR","id":97195,"slug":"politique-de-cookies","post_title":"Politique de Cookies","href":"https:\/\/outsidergaming.com\/fr\/politique-de-cookies\/"},"es_ES":{"locale":"es_ES","translation":"current"},"ru_RU":{"locale":"ru_RU","translation":false},"pt_BR":{"locale":"pt_BR","translation":false},"it_IT":{"locale":"it_IT","translation":false},"tr_TR":{"locale":"tr_TR","translation":false},"ukr":{"locale":"ukr","translation":false}},"_links":{"self":[{"href":"https:\/\/outsidergaming.com\/es\/wp-json\/wp\/v2\/pages\/97641","targetHints":{"allow":["GET"]}}],"collection":[{"href":"https:\/\/outsidergaming.com\/es\/wp-json\/wp\/v2\/pages"}],"about":[{"href":"https:\/\/outsidergaming.com\/es\/wp-json\/wp\/v2\/types\/page"}],"author":[{"embeddable":true,"href":"https:\/\/outsidergaming.com\/es\/wp-json\/wp\/v2\/users\/84"}],"replies":[{"embeddable":true,"href":"https:\/\/outsidergaming.com\/es\/wp-json\/wp\/v2\/comments?post=97641"}],"version-history":[{"count":0,"href":"https:\/\/outsidergaming.com\/es\/wp-json\/wp\/v2\/pages\/97641\/revisions"}],"wp:attachment":[{"href":"https:\/\/outsidergaming.com\/es\/wp-json\/wp\/v2\/media?parent=97641"}],"wp:term":[{"taxonomy":"category","embeddable":true,"href":"https:\/\/outsidergaming.com\/es\/wp-json\/wp\/v2\/categories?post=97641"},{"taxonomy":"post_tag","embeddable":true,"href":"https:\/\/outsidergaming.com\/es\/wp-json\/wp\/v2\/tags?post=97641"}],"curies":[{"name":"wp","href":"https:\/\/api.w.org\/{rel}","templated":true}]}}