{"id":97201,"date":"2021-05-30T08:35:02","date_gmt":"2021-05-30T07:35:02","guid":{"rendered":"https:\/\/outsidergaming.com\/verification-des-faits-politique-de-correction-et-retraits-en-vertu-de-la-dmca\/"},"modified":"2023-04-09T22:50:23","modified_gmt":"2023-04-09T21:50:23","slug":"verification-des-faits-politique-de-correction-et-retraits-en-vertu-de-la-dmca","status":"publish","type":"page","link":"https:\/\/outsidergaming.com\/fr\/verification-des-faits-politique-de-correction-et-retraits-en-vertu-de-la-dmca\/","title":{"rendered":"V\u00e9rification des faits, politique de correction et retraits en vertu de la DMCA"},"content":{"rendered":"\n<h2 class=\"wp-block-heading\">Politique de v\u00e9rification des faits et de correction<\/h2>\n\n<p>Chez Outsider Gaming, nous couvrons un large \u00e9ventail de sujets, et bien que nous nous concentrions principalement sur les guides de jeu, nous nous penchons souvent sur les nouvelles et, \u00e0 l&rsquo;occasion, sur les rumeurs du monde du jeu. Pour tous nos articles, nous nous effor\u00e7ons d&rsquo;obtenir une pr\u00e9cision totale des informations disponibles. Les articles qui ne sont pas bas\u00e9s sur des faits confirm\u00e9s sont \u00e9tiquet\u00e9s comme tels et ne sont tir\u00e9s que de sources pr\u00e9c\u00e9demment prouv\u00e9es et fiables.<\/p>\n\n<p>Les jeux modernes \u00e9voluent r\u00e9guli\u00e8rement, tout comme les histoires qui les entourent. C&rsquo;est pourquoi nous explorons nos sujets autant que possible jusqu&rsquo;au moment de la r\u00e9daction afin de nous assurer que nos pages sont correctes au moment o\u00f9 elles sont \u00e9crites. \u00c0 l&rsquo;occasion, si des articles n\u00e9cessitent une mise \u00e0 jour en raison de nouvelles informations pour rester une ressource utile pour les joueurs &#8211; que ce soit par le biais d&rsquo;une nouvelle, d&rsquo;une mise \u00e0 jour de jeu ou d&rsquo;informations r\u00e9v\u00e9l\u00e9es par l&rsquo;avancement d&rsquo;un jeu &#8211; la page sera mise \u00e0 jour et corrig\u00e9e en cons\u00e9quence.<\/p>\n\n<p>Nous \u00e9vitons la plupart du temps les articles d&rsquo;opinion et ceux qui ne traitent pas ou n&rsquo;\u00e9valuent pas les faits d&rsquo;un sujet. Toutefois, lorsque les sujets n\u00e9cessitent une certaine subjectivit\u00e9, nos r\u00e9dacteurs s&rsquo;efforcent de s&rsquo;appuyer sur des donn\u00e9es quantitatives et qualitatives, tout en \u00e9quilibrant les arguments avanc\u00e9s. Dans tous les articles, les d\u00e9clarations doivent \u00eatre parfaitement exactes et v\u00e9rifi\u00e9es au moment de la r\u00e9daction, en s&rsquo;appuyant sur d&rsquo;autres organismes respect\u00e9s et sur les sources d&rsquo;information primaires.<\/p>\n\n<p>La plupart du temps, nous cherchons \u00e9galement \u00e0 \u00e9viter les spoilers, et nous poussons donc rarement nos guides au-del\u00e0 du sujet trait\u00e9. Travaillant dans l&rsquo;industrie du divertissement, nous ne voulons pas g\u00e2cher l&rsquo;excitation de nos utilisateurs. N\u00e9anmoins, pour traiter un sujet de mani\u00e8re compl\u00e8te et correcte, le contenu devra parfois d\u00e9tailler les \u00e9l\u00e9ments \u00e0 venir dans la mesure o\u00f9 ils concernent le guide ou les informations fournies par le biais d&rsquo;un communiqu\u00e9 de presse. En ce qui concerne les spoilers d&rsquo;introduction, nous nous effor\u00e7ons d&rsquo;adapter les introductions \u00e0 la partie du jeu \u00e0 laquelle l&rsquo;utilisateur est le plus susceptible de se trouver, tout en \u00e9vitant les spoilers directs de l&rsquo;histoire, en particulier. Si des spoilers importants doivent \u00eatre d\u00e9taill\u00e9s plus loin, nous tenterons d&rsquo;en avertir les lecteurs en ajoutant une ligne \u00ab\u00a0Avertissement spoiler\u00a0\u00bb apr\u00e8s l&rsquo;introduction de l&rsquo;article.<\/p>\n\n<p>Comme nous l&rsquo;avons dit, notre travail consiste principalement \u00e0 cr\u00e9er des guides de jeu et des ressources utiles pour aider les utilisateurs \u00e0 am\u00e9liorer leur exp\u00e9rience de jeu et \u00e0 terminer les jeux. Les informations utilis\u00e9es dans ces articles proviennent de notre propre exp\u00e9rience des jeux ou d&rsquo;autres ressources officielles, telles que les guides d&rsquo;accompagnement, ce qui permet aux lecteurs d&rsquo;obtenir des informations v\u00e9rifi\u00e9es et \u00e9prouv\u00e9es sur le jeu. Pour \u00e9toffer les articles lorsque nous le jugeons n\u00e9cessaire, nous nous r\u00e9f\u00e9rons \u00e9galement \u00e0 des sources externes, telles que la communaut\u00e9 du jeu, pour obtenir des informations suppl\u00e9mentaires et des m\u00e9thodes alternatives. Dans ce cas, nous v\u00e9rifions les faits dans le jeu et citons la source le cas \u00e9ch\u00e9ant.<\/p>\n\n<p>Si vous souhaitez contacter le site au sujet de notre politique de v\u00e9rification des faits et de correction, ou si vous souhaitez demander une mise \u00e0 jour d&rsquo;une page existante, envoyez-nous un courrier \u00e9lectronique \u00e0 l&rsquo;adresse <a href=\"mailto:contact@outsidergaming.com\">contact@outsidergaming.com<\/a>.<\/p>\n\n<h2 class=\"wp-block-heading\"><strong>CDPA, Copyright, and DMCA<\/strong><\/h2>\n\n<h3 class=\"wp-block-heading\"><strong>Politique du Site<\/strong><\/h3>\n\n<p>Nous ne publions aucun contenu pour lequel la pr\u00e9sence de plagiat n&rsquo;a pas \u00e9t\u00e9 v\u00e9rifi\u00e9e, ni aucun contenu qui enfreint les droits de propri\u00e9t\u00e9 intellectuelle d&rsquo;un autre point de vente. Si un probl\u00e8me survient et est port\u00e9 \u00e0 notre attention, nous r\u00e9agirons rapidement et de mani\u00e8re appropri\u00e9e. Nous ne tol\u00e9rons pas de telles infractions, comme nous l&rsquo;indiquons clairement \u00e0 tous nos fournisseurs de contenu, \u00e0 la fois dans nos communications et dans nos lignes directrices. Le site a pour politique de r\u00e9pondre \u00e0 toutes les demandes l\u00e9gitimes en mati\u00e8re de droits d&rsquo;auteur et d&rsquo;y donner suite. (<a href=\"https:\/\/www.legislation.gov.uk\/ukpga\/1988\/48\/contents\" target=\"_blank\" rel=\"noopener\">Copyright, Designs and Patents Act 1988<\/a>) ou les Infractions \u00e0 la loi DMCA (<a href=\"https:\/\/www.dmca.com\/\" target=\"_blank\" rel=\"noopener\">Digital Millennium Copyright Act 1998<\/a>) le cas \u00e9ch\u00e9ant.<\/p>\n\n<p>S&rsquo;il s&rsquo;av\u00e8re que les contributeurs ont commis une infraction aux droits de propri\u00e9t\u00e9 intellectuelle ou \u00e0 la r\u00e9glementation sur les droits d&rsquo;auteur, le contenu sera supprim\u00e9. Si le contributeur fait l&rsquo;objet de plusieurs r\u00e9clamations l\u00e9gitimes concernant son contenu, il sera mis fin \u00e0 son association avec la plateforme. S&rsquo;il s&rsquo;av\u00e8re que le contenu n&rsquo;enfreint aucun droit d&rsquo;auteur ou de propri\u00e9t\u00e9 intellectuelle, nous nous r\u00e9servons le droit de republier tout contenu qui aurait \u00e9t\u00e9 retir\u00e9 pour les besoins de notre propre enqu\u00eate \u00e0 la suite d&rsquo;une r\u00e9clamation port\u00e9e \u00e0 notre connaissance. Toutefois, cela ne signifie pas que tout contenu faisant l&rsquo;objet d&rsquo;une r\u00e9clamation sera retir\u00e9 (temporairement ou non) aux fins d&rsquo;une enqu\u00eate, mais le site agira rapidement pour \u00e9tablir la validit\u00e9 de toute r\u00e9clamation envoy\u00e9e par les moyens accept\u00e9s et d\u00e9taill\u00e9s ici dans le cadre de l&rsquo;accord d&rsquo;utilisation.<\/p>\n\n<h2 class=\"wp-block-heading\">Porter l&rsquo;infraction \u00e0 l&rsquo;attention du site<\/h2>\n\n<p>En utilisant ce site, l&rsquo;utilisateur accepte, s&rsquo;il souhaite faire une demande l\u00e9gitime et v\u00e9rifi\u00e9e de suppression relative \u00e0 la CDPA, au DMCA ou \u00e0 une violation des droits d&rsquo;auteur, de contacter directement le site afin que nous puissions prendre les mesures n\u00e9cessaires. Si une demande d&rsquo;infraction ne tient pas compte de notre politique d&rsquo;utilisation du site web \u00e9nonc\u00e9e sur cette page et dans l&rsquo;ensemble de nos pages de conditions g\u00e9n\u00e9rales, ou si elle est faite de mani\u00e8re ill\u00e9gitime, injuste, malveillante ou dans un but d&rsquo;intimidation, nous prendrons les mesures qui s&rsquo;imposent \u00e0 l&rsquo;encontre de l&rsquo;auteur de l&rsquo;infraction.<\/p>\n\n<p>Merci de nous adresser un email \u00e0 <a href=\"mailto:contact@outsidergaming.com\">contact@outsidergaming.com<\/a>, en fournissant autant de d\u00e9tails et d&rsquo;exemples que possible pour \u00e9tayer votre demande au cas o\u00f9 vous souhaiteriez porter une infraction potentielle \u00e0 l&rsquo;attention du site.<\/p>\n\n<p>La demande sera trait\u00e9e dans les plus brefs d\u00e9lais et nous ouvrirons une ligne de communication avec l&rsquo;utilisateur qui a soumis la demande afin d&rsquo;assurer la clart\u00e9 entre les deux parties. Tout au long du processus, nous nous effor\u00e7ons de respecter les lois applicables au site web dans chaque cas. Pour permettre \u00e0 toutes les demandes l\u00e9gitimes d&rsquo;infraction de parvenir \u00e0 la conclusion appropri\u00e9e aussi efficacement que possible, nous demandons qu&rsquo;un maximum de preuves et de raisonnements soient fournis avec toute demande l\u00e9gitime et que les demandeurs soient ouverts et actifs dans la communication tout au long de la proc\u00e9dure.<\/p>\n\n<p>Tous les noms de produits, noms de services, noms de soci\u00e9t\u00e9s, logos, marques, soci\u00e9t\u00e9s et autres actifs sont la propri\u00e9t\u00e9 de leurs d\u00e9tenteurs respectifs et sont utilis\u00e9s dans ce site web uniquement \u00e0 des fins d&rsquo;identification.<\/p>\n","protected":false},"excerpt":{"rendered":"<p>Politique de v\u00e9rification des faits et de correction Chez Outsider Gaming, nous couvrons un large \u00e9ventail de sujets, et bien que nous nous concentrions principalement sur les guides de jeu, nous nous penchons souvent sur les nouvelles et, \u00e0 l&rsquo;occasion, sur les rumeurs du monde du jeu. Pour tous nos articles, nous nous effor\u00e7ons d&rsquo;obtenir [&hellip;]<\/p>\n","protected":false},"author":84,"featured_media":0,"parent":0,"menu_order":0,"comment_status":"open","ping_status":"closed","template":"","meta":{"footnotes":""},"categories":[],"tags":[],"class_list":["post-97201","page","type-page","status-publish"],"wpml_current_locale":"fr_FR","wpml_translations":{"en_US":{"locale":"en_US","id":15585,"slug":"fact-checking-corrections-policy-and-dmca-takedowns","post_title":"Fact-Checking, Corrections Policy and DMCA Takedowns","href":"https:\/\/outsidergaming.com\/fact-checking-corrections-policy-and-dmca-takedowns\/"},"de_DE":{"locale":"de_DE","id":59846,"slug":"faktenueberpruefung-berichtigungspolitik-und-dmca-takedowns","post_title":"Fakten\u00fcberpr\u00fcfung, Berichtigungspolitik und DMCA-Takedowns","href":"https:\/\/outsidergaming.com\/de\/faktenueberpruefung-berichtigungspolitik-und-dmca-takedowns\/"},"fr_FR":{"locale":"fr_FR","translation":"current"},"es_ES":{"locale":"es_ES","id":97638,"slug":"verificacion-de-datos-politica-de-correcciones-y-retiro-de-contenido-por-dmca","post_title":"Verificaci\u00f3n de datos, pol\u00edtica de correcciones y retiro de contenido por DMCA","href":"https:\/\/outsidergaming.com\/es\/verificacion-de-datos-politica-de-correcciones-y-retiro-de-contenido-por-dmca\/"},"ru_RU":{"locale":"ru_RU","translation":false},"pt_BR":{"locale":"pt_BR","translation":false},"it_IT":{"locale":"it_IT","translation":false},"tr_TR":{"locale":"tr_TR","translation":false},"ukr":{"locale":"ukr","translation":false}},"_links":{"self":[{"href":"https:\/\/outsidergaming.com\/fr\/wp-json\/wp\/v2\/pages\/97201","targetHints":{"allow":["GET"]}}],"collection":[{"href":"https:\/\/outsidergaming.com\/fr\/wp-json\/wp\/v2\/pages"}],"about":[{"href":"https:\/\/outsidergaming.com\/fr\/wp-json\/wp\/v2\/types\/page"}],"author":[{"embeddable":true,"href":"https:\/\/outsidergaming.com\/fr\/wp-json\/wp\/v2\/users\/84"}],"replies":[{"embeddable":true,"href":"https:\/\/outsidergaming.com\/fr\/wp-json\/wp\/v2\/comments?post=97201"}],"version-history":[{"count":0,"href":"https:\/\/outsidergaming.com\/fr\/wp-json\/wp\/v2\/pages\/97201\/revisions"}],"wp:attachment":[{"href":"https:\/\/outsidergaming.com\/fr\/wp-json\/wp\/v2\/media?parent=97201"}],"wp:term":[{"taxonomy":"category","embeddable":true,"href":"https:\/\/outsidergaming.com\/fr\/wp-json\/wp\/v2\/categories?post=97201"},{"taxonomy":"post_tag","embeddable":true,"href":"https:\/\/outsidergaming.com\/fr\/wp-json\/wp\/v2\/tags?post=97201"}],"curies":[{"name":"wp","href":"https:\/\/api.w.org\/{rel}","templated":true}]}}